{"id":1629,"date":"2025-09-08T11:49:45","date_gmt":"2025-09-08T11:49:45","guid":{"rendered":"https:\/\/www.sibusiso.com\/unsere-geschichte-2\/"},"modified":"2026-03-11T08:29:14","modified_gmt":"2026-03-11T08:29:14","slug":"unsere-geschichte-2","status":"publish","type":"page","link":"https:\/\/www.sibusiso.com\/de\/der-vorstand\/unsere-geschichte-2\/","title":{"rendered":"Unsere Geschichte"},"content":{"rendered":"\t\t<div data-elementor-type=\"wp-page\" data-elementor-id=\"1629\" class=\"elementor elementor-1629 elementor-794\" data-elementor-post-type=\"page\">\n\t\t\t\t<div class=\"elementor-element elementor-element-25fca0b1 e-flex e-con-boxed e-con e-parent\" data-id=\"25fca0b1\" data-element_type=\"container\" data-e-type=\"container\" data-settings=\"{&quot;background_background&quot;:&quot;classic&quot;}\">\n\t\t\t\t\t<div class=\"e-con-inner\">\n\t\t<div class=\"elementor-element elementor-element-3d74e04e e-con-full e-flex e-con e-child\" data-id=\"3d74e04e\" data-element_type=\"container\" data-e-type=\"container\">\n\t\t\t\t<div class=\"elementor-element elementor-element-4fccdf7c h2-white-leaf elementor-widget elementor-widget-heading\" data-id=\"4fccdf7c\" data-element_type=\"widget\" data-e-type=\"widget\" data-widget_type=\"heading.default\">\n\t\t\t\t\t<h1 class=\"elementor-heading-title elementor-size-default\">Die Geschichte<\/h1>\t\t\t\t<\/div>\n\t\t\t\t<div class=\"elementor-element elementor-element-5e72997 elementor-widget elementor-widget-text-editor\" data-id=\"5e72997\" data-element_type=\"widget\" data-e-type=\"widget\" data-widget_type=\"text-editor.default\">\n\t\t\t\t\t\t\t\t\t<p><b>Wie ist Sibusiso entstanden?<\/b><\/p><p>Sibusiso wurde im Jahr 2000 von Atty und Henk Hammer-Roos gegr\u00fcndet, die beide \u00fcber jahrelange Erfahrung in der Entwicklungsarbeit in Afrika verf\u00fcgen. Gemeinsam mit der lokalen Bev\u00f6lkerung begannen sie ihre Mission von einem einfachen G\u00e4stehaus aus. Die Entscheidung f\u00fcr den Bau des Zentrums am Fu\u00dfe des Mount Meru, in der N\u00e4he der Stadt Arusha, war schnell getroffen. Dies erleichterte die Zusammenarbeit mit dem Krankenhaus und anderen medizinischen Einrichtungen in der Umgebung. Dar\u00fcber hinaus ist die Verf\u00fcgbarkeit von qualifiziertem medizinischem Personal hier gr\u00f6\u00dfer. Dadurch hat sich das Zentrum zu dem entwickelt, was es heute ist: ein professionelles Zentrum mit Platz f\u00fcr \u00fcber 80 Kinder pro Woche und einer gro\u00dfen Reichweite in der Region.     <\/p>\t\t\t\t\t\t\t\t<\/div>\n\t\t\t\t<\/div>\n\t\t<div class=\"elementor-element elementor-element-77277575 e-con-full e-flex e-con e-child\" data-id=\"77277575\" data-element_type=\"container\" data-e-type=\"container\">\n\t\t\t\t<div class=\"elementor-element elementor-element-25ab1d73 elementor-widget elementor-widget-image\" data-id=\"25ab1d73\" data-element_type=\"widget\" data-e-type=\"widget\" data-widget_type=\"image.default\">\n\t\t\t\t\t\t\t\t\t\t\t\t\t\t\t<img fetchpriority=\"high\" decoding=\"async\" width=\"2000\" height=\"1546\" src=\"https:\/\/www.sibusiso.com\/wp-content\/uploads\/P10-hoe-is-het-ontstaan-Henk-en-Atty-Tanzania-Sibusiso.jpg\" class=\"attachment-full size-full wp-image-1249\" alt=\"\" srcset=\"https:\/\/www.sibusiso.com\/wp-content\/uploads\/P10-hoe-is-het-ontstaan-Henk-en-Atty-Tanzania-Sibusiso.jpg 2000w, https:\/\/www.sibusiso.com\/wp-content\/uploads\/P10-hoe-is-het-ontstaan-Henk-en-Atty-Tanzania-Sibusiso-300x232.jpg 300w, https:\/\/www.sibusiso.com\/wp-content\/uploads\/P10-hoe-is-het-ontstaan-Henk-en-Atty-Tanzania-Sibusiso-1024x792.jpg 1024w, https:\/\/www.sibusiso.com\/wp-content\/uploads\/P10-hoe-is-het-ontstaan-Henk-en-Atty-Tanzania-Sibusiso-768x594.jpg 768w, https:\/\/www.sibusiso.com\/wp-content\/uploads\/P10-hoe-is-het-ontstaan-Henk-en-Atty-Tanzania-Sibusiso-1536x1187.jpg 1536w\" sizes=\"(max-width: 2000px) 100vw, 2000px\" \/>\t\t\t\t\t\t\t\t\t\t\t\t\t\t\t<\/div>\n\t\t\t\t<\/div>\n\t\t\t\t\t<\/div>\n\t\t\t\t<\/div>\n\t\t<div class=\"elementor-element elementor-element-3c89b614 e-flex e-con-boxed e-con e-parent\" data-id=\"3c89b614\" data-element_type=\"container\" data-e-type=\"container\">\n\t\t\t\t\t<div class=\"e-con-inner\">\n\t\t<div class=\"elementor-element elementor-element-d430a89 e-con-full e-flex e-con e-child\" data-id=\"d430a89\" data-element_type=\"container\" data-e-type=\"container\">\n\t\t<div class=\"elementor-element elementor-element-23e1a331 e-con-full e-flex e-con e-child\" data-id=\"23e1a331\" data-element_type=\"container\" data-e-type=\"container\">\n\t\t\t\t<div class=\"elementor-element elementor-element-a6de368 elementor-widget elementor-widget-image\" data-id=\"a6de368\" data-element_type=\"widget\" data-e-type=\"widget\" data-widget_type=\"image.default\">\n\t\t\t\t\t\t\t\t\t\t\t\t\t\t\t<img decoding=\"async\" width=\"2560\" height=\"1920\" src=\"https:\/\/www.sibusiso.com\/wp-content\/uploads\/IMG_2934-1-scaled.jpg\" class=\"attachment-full size-full wp-image-1341\" alt=\"\" srcset=\"https:\/\/www.sibusiso.com\/wp-content\/uploads\/IMG_2934-1-scaled.jpg 2560w, https:\/\/www.sibusiso.com\/wp-content\/uploads\/IMG_2934-1-300x225.jpg 300w, https:\/\/www.sibusiso.com\/wp-content\/uploads\/IMG_2934-1-1024x768.jpg 1024w, https:\/\/www.sibusiso.com\/wp-content\/uploads\/IMG_2934-1-768x576.jpg 768w, https:\/\/www.sibusiso.com\/wp-content\/uploads\/IMG_2934-1-1536x1152.jpg 1536w, https:\/\/www.sibusiso.com\/wp-content\/uploads\/IMG_2934-1-2048x1536.jpg 2048w\" sizes=\"(max-width: 2560px) 100vw, 2560px\" \/>\t\t\t\t\t\t\t\t\t\t\t\t\t\t\t<\/div>\n\t\t\t\t<\/div>\n\t\t<div class=\"elementor-element elementor-element-99eabfa e-con-full e-flex e-con e-child\" data-id=\"99eabfa\" data-element_type=\"container\" data-e-type=\"container\">\n\t\t\t\t<div class=\"elementor-element elementor-element-20a5e9f6 h2-green-leaf elementor-widget elementor-widget-heading\" data-id=\"20a5e9f6\" data-element_type=\"widget\" data-e-type=\"widget\" data-widget_type=\"heading.default\">\n\t\t\t\t\t<h2 class=\"elementor-heading-title elementor-size-default\">Mitarbeiter mit Herz <\/h2>\t\t\t\t<\/div>\n\t\t\t\t<div class=\"elementor-element elementor-element-3dcd5825 elementor-widget elementor-widget-text-editor\" data-id=\"3dcd5825\" data-element_type=\"widget\" data-e-type=\"widget\" data-widget_type=\"text-editor.default\">\n\t\t\t\t\t\t\t\t\t<p>Henk und Atty, die Gr\u00fcnder von Sibusiso, haben jahrelang f\u00fcr Amref Flying Doctors in Afrika gearbeitet, bevor sie das Zentrum in Arusha im Fr\u00fchjahr 2000 er\u00f6ffneten. &#8218;Das Personal war damals noch nicht geschult, jeder durfte mitarbeiten: ob man nun auf dem Hof oder im Garten arbeitete oder Kaffee pfl\u00fcckte. Am wichtigsten fanden wir, dass man das Herz am rechten Fleck hatte und f\u00fcr das Wohl der Kinder mit einer Behinderung arbeiten wollte. Von da an haben wir die Ausbildungen der Mitarbeiter bezahlt, damit wir mit einem geschulten Team an die Arbeit gehen konnten. Viele sind jahrelang in unserem Team geblieben&#8216;, so Atty Hammer. &#8218;Und das Team, inzwischen (universit\u00e4r) ausgebildet, hat noch immer das Herz am rechten Fleck, um die Arbeit f\u00fcr die Kinder fachkundig und mit Liebe zu tun.     <\/p>\t\t\t\t\t\t\t\t<\/div>\n\t\t\t\t<\/div>\n\t\t\t\t<\/div>\n\t\t<div class=\"elementor-element elementor-element-75cb2dab e-con-full e-flex e-con e-child\" data-id=\"75cb2dab\" data-element_type=\"container\" data-e-type=\"container\">\n\t\t<div class=\"elementor-element elementor-element-69c14f06 e-con-full e-flex e-con e-child\" data-id=\"69c14f06\" data-element_type=\"container\" data-e-type=\"container\">\n\t\t\t\t<div class=\"elementor-element elementor-element-604da1b0 h2-green-leaf elementor-widget elementor-widget-heading\" data-id=\"604da1b0\" data-element_type=\"widget\" data-e-type=\"widget\" data-widget_type=\"heading.default\">\n\t\t\t\t\t<h2 class=\"elementor-heading-title elementor-size-default\">Die Entstehung eines einzigartigen Zentrums<\/h2>\t\t\t\t<\/div>\n\t\t\t\t<div class=\"elementor-element elementor-element-31bc9ab4 elementor-widget elementor-widget-text-editor\" data-id=\"31bc9ab4\" data-element_type=\"widget\" data-e-type=\"widget\" data-widget_type=\"text-editor.default\">\n\t\t\t\t\t\t\t\t\t<p>In den ersten Jahren suchte und besuchte Atty die Kinder zu Hause. Kinder, die oft aufgrund einer Behinderung in der H\u00fctte oder Wohnung bleiben mussten und sich dadurch schlecht entwickelten. Atty machte sich mit Emmy, einer Krankenschwester eines nahegelegenen Rehabilitationszentrums, auf den Weg. Man gewann Vertrauen und es entstanden gute Kontakte. Im Jahr 2002 kamen die ersten Kinder zur Therapie in das Zentrum. Inzwischen waren die Mitarbeiter geschult. Schon bald begannen Eltern von sich aus nach Sibusiso zu kommen, \u00fcberzeugt von der Expertise des Personals und der positiven Wirkung des Programms. J\u00fcngere Kinder wurden eingeschrieben, oft hatten die Kinder mehrere Behinderungen und es wurde schwer f\u00fcr die Familie. Sibusiso wurde dann auch in die Lage versetzt, Kinder an lokale Krankenh\u00e4user zu \u00fcberweisen, und expandierte schnell mit einem brandneuen Therapieraum.        <\/p>\t\t\t\t\t\t\t\t<\/div>\n\t\t\t\t<\/div>\n\t\t<div class=\"elementor-element elementor-element-36cdbc8b e-con-full e-flex e-con e-child\" data-id=\"36cdbc8b\" data-element_type=\"container\" data-e-type=\"container\">\n\t\t\t\t<div class=\"elementor-element elementor-element-594e7fa elementor-widget elementor-widget-image\" data-id=\"594e7fa\" data-element_type=\"widget\" data-e-type=\"widget\" data-widget_type=\"image.default\">\n\t\t\t\t\t\t\t\t\t\t\t\t\t\t\t<img decoding=\"async\" width=\"2560\" height=\"1920\" src=\"https:\/\/www.sibusiso.com\/wp-content\/uploads\/IMG_2936-scaled.jpg\" class=\"attachment-full size-full wp-image-1342\" alt=\"\" srcset=\"https:\/\/www.sibusiso.com\/wp-content\/uploads\/IMG_2936-scaled.jpg 2560w, https:\/\/www.sibusiso.com\/wp-content\/uploads\/IMG_2936-300x225.jpg 300w, https:\/\/www.sibusiso.com\/wp-content\/uploads\/IMG_2936-1024x768.jpg 1024w, https:\/\/www.sibusiso.com\/wp-content\/uploads\/IMG_2936-768x576.jpg 768w, https:\/\/www.sibusiso.com\/wp-content\/uploads\/IMG_2936-1536x1152.jpg 1536w, https:\/\/www.sibusiso.com\/wp-content\/uploads\/IMG_2936-2048x1536.jpg 2048w\" sizes=\"(max-width: 2560px) 100vw, 2560px\" \/>\t\t\t\t\t\t\t\t\t\t\t\t\t\t\t<\/div>\n\t\t\t\t<\/div>\n\t\t\t\t<\/div>\n\t\t\t\t\t<\/div>\n\t\t\t\t<\/div>\n\t\t<div class=\"elementor-element elementor-element-b18f588 e-flex e-con-boxed e-con e-parent\" data-id=\"b18f588\" data-element_type=\"container\" data-e-type=\"container\">\n\t\t\t\t\t<div class=\"e-con-inner\">\n\t\t\t\t<div class=\"elementor-element elementor-element-28f60da9 elementor-widget elementor-widget-template\" data-id=\"28f60da9\" data-element_type=\"widget\" data-e-type=\"widget\" data-widget_type=\"template.default\">\n\t\t\t\t<div class=\"elementor-widget-container\">\n\t\t\t\t\t\t\t<div class=\"elementor-template\">\n\t\t\t\t\t<div data-elementor-type=\"container\" data-elementor-id=\"1854\" class=\"elementor elementor-1854 elementor-465 elementor-465\" data-elementor-post-type=\"elementor_library\">\n\t\t\t\t<div class=\"elementor-element elementor-element-3420ee52 e-flex e-con-boxed e-con e-parent\" data-id=\"3420ee52\" data-element_type=\"container\" data-e-type=\"container\" data-settings=\"{&quot;background_background&quot;:&quot;classic&quot;}\">\n\t\t\t\t\t<div class=\"e-con-inner\">\n\t\t<div class=\"elementor-element elementor-element-afade1 e-con-full e-flex e-con e-child\" data-id=\"afade1\" data-element_type=\"container\" data-e-type=\"container\" data-settings=\"{&quot;background_background&quot;:&quot;classic&quot;}\">\n\t\t\t\t<div class=\"elementor-element elementor-element-6417cdf3 elementor-widget elementor-widget-heading\" data-id=\"6417cdf3\" data-element_type=\"widget\" data-e-type=\"widget\" data-widget_type=\"heading.default\">\n\t\t\t\t\t<h2 class=\"elementor-heading-title elementor-size-default\">Helfen Sie unseren Kindern <br> von Sibusiso<\/h2>\t\t\t\t<\/div>\n\t\t<div class=\"elementor-element elementor-element-3c969bb5 e-con-full e-flex e-con e-child\" data-id=\"3c969bb5\" data-element_type=\"container\" data-e-type=\"container\">\n\t\t\t\t<div class=\"elementor-element elementor-element-33bf2d66 elementor-widget elementor-widget-button\" data-id=\"33bf2d66\" data-element_type=\"widget\" data-e-type=\"widget\" data-widget_type=\"button.default\">\n\t\t\t\t\t\t\t\t\t\t<a class=\"elementor-button elementor-button-link elementor-size-sm\" href=\"https:\/\/www.sibusiso.com\/de\/spenden\/\">\n\t\t\t\t\t\t<span class=\"elementor-button-content-wrapper\">\n\t\t\t\t\t\t\t\t\t<span class=\"elementor-button-text\">Jetzt spenden<\/span>\n\t\t\t\t\t<\/span>\n\t\t\t\t\t<\/a>\n\t\t\t\t\t\t\t\t<\/div>\n\t\t\t\t<div class=\"elementor-element elementor-element-253f709c elementor-widget elementor-widget-button\" data-id=\"253f709c\" data-element_type=\"widget\" data-e-type=\"widget\" data-widget_type=\"button.default\">\n\t\t\t\t\t\t\t\t\t\t<a class=\"elementor-button elementor-button-link elementor-size-sm\" href=\"https:\/\/www.sibusiso.com\/de\/kontakt\/\">\n\t\t\t\t\t\t<span class=\"elementor-button-content-wrapper\">\n\t\t\t\t\t\t\t\t\t<span class=\"elementor-button-text\">Kontakt<\/span>\n\t\t\t\t\t<\/span>\n\t\t\t\t\t<\/a>\n\t\t\t\t\t\t\t\t<\/div>\n\t\t\t\t<\/div>\n\t\t\t\t<\/div>\n\t\t\t\t\t<\/div>\n\t\t\t\t<\/div>\n\t\t\t\t<\/div>\n\t\t\t\t<\/div>\n\t\t\t\t\t\t<\/div>\n\t\t\t\t<\/div>\n\t\t\t\t\t<\/div>\n\t\t\t\t<\/div>\n\t\t\t\t<\/div>\n\t\t","protected":false},"excerpt":{"rendered":"<p>Die Geschichte Wie ist Sibusiso entstanden? Sibusiso wurde im Jahr 2000 von Atty und Henk Hammer-Roos gegr\u00fcndet, die beide \u00fcber jahrelange Erfahrung in der Entwicklungsarbeit in Afrika verf\u00fcgen. Gemeinsam mit der lokalen Bev\u00f6lkerung begannen sie ihre Mission von einem einfachen G\u00e4stehaus aus. Die Entscheidung f\u00fcr den Bau des Zentrums am Fu\u00dfe des Mount Meru, in [&hellip;]<\/p>\n","protected":false},"author":1,"featured_media":0,"parent":1723,"menu_order":0,"comment_status":"closed","ping_status":"closed","template":"","meta":{"footnotes":""},"class_list":["post-1629","page","type-page","status-publish","hentry"],"yoast_head":"<!-- This site is optimized with the Yoast SEO plugin v27.2 - https:\/\/yoast.com\/product\/yoast-seo-wordpress\/ -->\n<title>Unsere Geschichte - Sibusiso<\/title>\n<meta name=\"robots\" content=\"index, follow, max-snippet:-1, max-image-preview:large, max-video-preview:-1\" \/>\n<link rel=\"canonical\" href=\"https:\/\/www.sibusiso.com\/de\/der-vorstand\/unsere-geschichte-2\/\" \/>\n<meta property=\"og:locale\" content=\"de_DE\" \/>\n<meta property=\"og:type\" content=\"article\" \/>\n<meta property=\"og:title\" content=\"Unsere Geschichte - Sibusiso\" \/>\n<meta property=\"og:description\" content=\"Die Geschichte Wie ist Sibusiso entstanden? Sibusiso wurde im Jahr 2000 von Atty und Henk Hammer-Roos gegr\u00fcndet, die beide \u00fcber jahrelange Erfahrung in der Entwicklungsarbeit in Afrika verf\u00fcgen. Gemeinsam mit der lokalen Bev\u00f6lkerung begannen sie ihre Mission von einem einfachen G\u00e4stehaus aus. Die Entscheidung f\u00fcr den Bau des Zentrums am Fu\u00dfe des Mount Meru, in [&hellip;]\" \/>\n<meta property=\"og:url\" content=\"https:\/\/www.sibusiso.com\/de\/der-vorstand\/unsere-geschichte-2\/\" \/>\n<meta property=\"og:site_name\" content=\"Sibusiso\" \/>\n<meta property=\"article:modified_time\" content=\"2026-03-11T08:29:14+00:00\" \/>\n<meta property=\"og:image\" content=\"https:\/\/www.sibusiso.com\/wp-content\/uploads\/P10-hoe-is-het-ontstaan-Henk-en-Atty-Tanzania-Sibusiso.jpg\" \/>\n\t<meta property=\"og:image:width\" content=\"2000\" \/>\n\t<meta property=\"og:image:height\" content=\"1546\" \/>\n\t<meta property=\"og:image:type\" content=\"image\/jpeg\" \/>\n<meta name=\"twitter:card\" content=\"summary_large_image\" \/>\n<meta name=\"twitter:label1\" content=\"Gesch\u00e4tzte Lesezeit\" \/>\n\t<meta name=\"twitter:data1\" content=\"2\u00a0Minute\" \/>\n<script type=\"application\/ld+json\" class=\"yoast-schema-graph\">{\"@context\":\"https:\/\/schema.org\",\"@graph\":[{\"@type\":\"WebPage\",\"@id\":\"https:\/\/www.sibusiso.com\/de\/der-vorstand\/unsere-geschichte-2\/\",\"url\":\"https:\/\/www.sibusiso.com\/de\/der-vorstand\/unsere-geschichte-2\/\",\"name\":\"Unsere Geschichte - Sibusiso\",\"isPartOf\":{\"@id\":\"https:\/\/www.sibusiso.com\/#website\"},\"primaryImageOfPage\":{\"@id\":\"https:\/\/www.sibusiso.com\/de\/der-vorstand\/unsere-geschichte-2\/#primaryimage\"},\"image\":{\"@id\":\"https:\/\/www.sibusiso.com\/de\/der-vorstand\/unsere-geschichte-2\/#primaryimage\"},\"thumbnailUrl\":\"https:\/\/www.sibusiso.com\/wp-content\/uploads\/P10-hoe-is-het-ontstaan-Henk-en-Atty-Tanzania-Sibusiso.jpg\",\"datePublished\":\"2025-09-08T11:49:45+00:00\",\"dateModified\":\"2026-03-11T08:29:14+00:00\",\"breadcrumb\":{\"@id\":\"https:\/\/www.sibusiso.com\/de\/der-vorstand\/unsere-geschichte-2\/#breadcrumb\"},\"inLanguage\":\"de\",\"potentialAction\":[{\"@type\":\"ReadAction\",\"target\":[\"https:\/\/www.sibusiso.com\/de\/der-vorstand\/unsere-geschichte-2\/\"]}]},{\"@type\":\"ImageObject\",\"inLanguage\":\"de\",\"@id\":\"https:\/\/www.sibusiso.com\/de\/der-vorstand\/unsere-geschichte-2\/#primaryimage\",\"url\":\"https:\/\/www.sibusiso.com\/wp-content\/uploads\/P10-hoe-is-het-ontstaan-Henk-en-Atty-Tanzania-Sibusiso.jpg\",\"contentUrl\":\"https:\/\/www.sibusiso.com\/wp-content\/uploads\/P10-hoe-is-het-ontstaan-Henk-en-Atty-Tanzania-Sibusiso.jpg\"},{\"@type\":\"BreadcrumbList\",\"@id\":\"https:\/\/www.sibusiso.com\/de\/der-vorstand\/unsere-geschichte-2\/#breadcrumb\",\"itemListElement\":[{\"@type\":\"ListItem\",\"position\":1,\"name\":\"Home\",\"item\":\"https:\/\/www.sibusiso.com\/de\/startseite\/\"},{\"@type\":\"ListItem\",\"position\":2,\"name\":\"Der Vorstand\",\"item\":\"https:\/\/www.sibusiso.com\/de\/der-vorstand\/\"},{\"@type\":\"ListItem\",\"position\":3,\"name\":\"Unsere Geschichte\"}]},{\"@type\":\"WebSite\",\"@id\":\"https:\/\/www.sibusiso.com\/#website\",\"url\":\"https:\/\/www.sibusiso.com\/\",\"name\":\"Sibusiso\",\"description\":\"Projekt in Tansania\",\"publisher\":{\"@id\":\"https:\/\/www.sibusiso.com\/#organization\"},\"potentialAction\":[{\"@type\":\"SearchAction\",\"target\":{\"@type\":\"EntryPoint\",\"urlTemplate\":\"https:\/\/www.sibusiso.com\/?s={search_term_string}\"},\"query-input\":{\"@type\":\"PropertyValueSpecification\",\"valueRequired\":true,\"valueName\":\"search_term_string\"}}],\"inLanguage\":\"de\"},{\"@type\":\"Organization\",\"@id\":\"https:\/\/www.sibusiso.com\/#organization\",\"name\":\"Sibusiso\",\"url\":\"https:\/\/www.sibusiso.com\/\",\"logo\":{\"@type\":\"ImageObject\",\"inLanguage\":\"de\",\"@id\":\"https:\/\/www.sibusiso.com\/#\/schema\/logo\/image\/\",\"url\":\"https:\/\/www.sibusiso.com\/wp-content\/uploads\/Logo-1-Sibusiso.svg\",\"contentUrl\":\"https:\/\/www.sibusiso.com\/wp-content\/uploads\/Logo-1-Sibusiso.svg\",\"width\":314,\"height\":118,\"caption\":\"Sibusiso\"},\"image\":{\"@id\":\"https:\/\/www.sibusiso.com\/#\/schema\/logo\/image\/\"}}]}<\/script>\n<!-- \/ Yoast SEO plugin. -->","yoast_head_json":{"title":"Unsere Geschichte - Sibusiso","robots":{"index":"index","follow":"follow","max-snippet":"max-snippet:-1","max-image-preview":"max-image-preview:large","max-video-preview":"max-video-preview:-1"},"canonical":"https:\/\/www.sibusiso.com\/de\/der-vorstand\/unsere-geschichte-2\/","og_locale":"de_DE","og_type":"article","og_title":"Unsere Geschichte - Sibusiso","og_description":"Die Geschichte Wie ist Sibusiso entstanden? Sibusiso wurde im Jahr 2000 von Atty und Henk Hammer-Roos gegr\u00fcndet, die beide \u00fcber jahrelange Erfahrung in der Entwicklungsarbeit in Afrika verf\u00fcgen. Gemeinsam mit der lokalen Bev\u00f6lkerung begannen sie ihre Mission von einem einfachen G\u00e4stehaus aus. Die Entscheidung f\u00fcr den Bau des Zentrums am Fu\u00dfe des Mount Meru, in [&hellip;]","og_url":"https:\/\/www.sibusiso.com\/de\/der-vorstand\/unsere-geschichte-2\/","og_site_name":"Sibusiso","article_modified_time":"2026-03-11T08:29:14+00:00","og_image":[{"width":2000,"height":1546,"url":"https:\/\/www.sibusiso.com\/wp-content\/uploads\/P10-hoe-is-het-ontstaan-Henk-en-Atty-Tanzania-Sibusiso.jpg","type":"image\/jpeg"}],"twitter_card":"summary_large_image","twitter_misc":{"Gesch\u00e4tzte Lesezeit":"2\u00a0Minute"},"schema":{"@context":"https:\/\/schema.org","@graph":[{"@type":"WebPage","@id":"https:\/\/www.sibusiso.com\/de\/der-vorstand\/unsere-geschichte-2\/","url":"https:\/\/www.sibusiso.com\/de\/der-vorstand\/unsere-geschichte-2\/","name":"Unsere Geschichte - Sibusiso","isPartOf":{"@id":"https:\/\/www.sibusiso.com\/#website"},"primaryImageOfPage":{"@id":"https:\/\/www.sibusiso.com\/de\/der-vorstand\/unsere-geschichte-2\/#primaryimage"},"image":{"@id":"https:\/\/www.sibusiso.com\/de\/der-vorstand\/unsere-geschichte-2\/#primaryimage"},"thumbnailUrl":"https:\/\/www.sibusiso.com\/wp-content\/uploads\/P10-hoe-is-het-ontstaan-Henk-en-Atty-Tanzania-Sibusiso.jpg","datePublished":"2025-09-08T11:49:45+00:00","dateModified":"2026-03-11T08:29:14+00:00","breadcrumb":{"@id":"https:\/\/www.sibusiso.com\/de\/der-vorstand\/unsere-geschichte-2\/#breadcrumb"},"inLanguage":"de","potentialAction":[{"@type":"ReadAction","target":["https:\/\/www.sibusiso.com\/de\/der-vorstand\/unsere-geschichte-2\/"]}]},{"@type":"ImageObject","inLanguage":"de","@id":"https:\/\/www.sibusiso.com\/de\/der-vorstand\/unsere-geschichte-2\/#primaryimage","url":"https:\/\/www.sibusiso.com\/wp-content\/uploads\/P10-hoe-is-het-ontstaan-Henk-en-Atty-Tanzania-Sibusiso.jpg","contentUrl":"https:\/\/www.sibusiso.com\/wp-content\/uploads\/P10-hoe-is-het-ontstaan-Henk-en-Atty-Tanzania-Sibusiso.jpg"},{"@type":"BreadcrumbList","@id":"https:\/\/www.sibusiso.com\/de\/der-vorstand\/unsere-geschichte-2\/#breadcrumb","itemListElement":[{"@type":"ListItem","position":1,"name":"Home","item":"https:\/\/www.sibusiso.com\/de\/startseite\/"},{"@type":"ListItem","position":2,"name":"Der Vorstand","item":"https:\/\/www.sibusiso.com\/de\/der-vorstand\/"},{"@type":"ListItem","position":3,"name":"Unsere Geschichte"}]},{"@type":"WebSite","@id":"https:\/\/www.sibusiso.com\/#website","url":"https:\/\/www.sibusiso.com\/","name":"Sibusiso","description":"Projekt in Tansania","publisher":{"@id":"https:\/\/www.sibusiso.com\/#organization"},"potentialAction":[{"@type":"SearchAction","target":{"@type":"EntryPoint","urlTemplate":"https:\/\/www.sibusiso.com\/?s={search_term_string}"},"query-input":{"@type":"PropertyValueSpecification","valueRequired":true,"valueName":"search_term_string"}}],"inLanguage":"de"},{"@type":"Organization","@id":"https:\/\/www.sibusiso.com\/#organization","name":"Sibusiso","url":"https:\/\/www.sibusiso.com\/","logo":{"@type":"ImageObject","inLanguage":"de","@id":"https:\/\/www.sibusiso.com\/#\/schema\/logo\/image\/","url":"https:\/\/www.sibusiso.com\/wp-content\/uploads\/Logo-1-Sibusiso.svg","contentUrl":"https:\/\/www.sibusiso.com\/wp-content\/uploads\/Logo-1-Sibusiso.svg","width":314,"height":118,"caption":"Sibusiso"},"image":{"@id":"https:\/\/www.sibusiso.com\/#\/schema\/logo\/image\/"}}]}},"_links":{"self":[{"href":"https:\/\/www.sibusiso.com\/de\/wp-json\/wp\/v2\/pages\/1629","targetHints":{"allow":["GET"]}}],"collection":[{"href":"https:\/\/www.sibusiso.com\/de\/wp-json\/wp\/v2\/pages"}],"about":[{"href":"https:\/\/www.sibusiso.com\/de\/wp-json\/wp\/v2\/types\/page"}],"author":[{"embeddable":true,"href":"https:\/\/www.sibusiso.com\/de\/wp-json\/wp\/v2\/users\/1"}],"replies":[{"embeddable":true,"href":"https:\/\/www.sibusiso.com\/de\/wp-json\/wp\/v2\/comments?post=1629"}],"version-history":[{"count":2,"href":"https:\/\/www.sibusiso.com\/de\/wp-json\/wp\/v2\/pages\/1629\/revisions"}],"predecessor-version":[{"id":1634,"href":"https:\/\/www.sibusiso.com\/de\/wp-json\/wp\/v2\/pages\/1629\/revisions\/1634"}],"up":[{"embeddable":true,"href":"https:\/\/www.sibusiso.com\/de\/wp-json\/wp\/v2\/pages\/1723"}],"wp:attachment":[{"href":"https:\/\/www.sibusiso.com\/de\/wp-json\/wp\/v2\/media?parent=1629"}],"curies":[{"name":"wp","href":"https:\/\/api.w.org\/{rel}","templated":true}]}}