{"id":1636,"date":"2025-08-27T11:49:20","date_gmt":"2025-08-27T11:49:20","guid":{"rendered":"https:\/\/www.sibusiso.com\/datenschutzerklaerung\/"},"modified":"2025-09-24T08:51:53","modified_gmt":"2025-09-24T08:51:53","slug":"datenschutzerklaerung","status":"publish","type":"page","link":"https:\/\/www.sibusiso.com\/de\/datenschutzerklaerung\/","title":{"rendered":"Datenschutzerkl\u00e4rung"},"content":{"rendered":"\t\t<div data-elementor-type=\"wp-page\" data-elementor-id=\"1636\" class=\"elementor elementor-1636 elementor-116\" data-elementor-post-type=\"page\">\n\t\t\t\t<div class=\"elementor-element elementor-element-2bfbb86 e-flex e-con-boxed e-con e-parent\" data-id=\"2bfbb86\" data-element_type=\"container\" data-e-type=\"container\" data-settings=\"{&quot;background_background&quot;:&quot;classic&quot;}\">\n\t\t\t\t\t<div class=\"e-con-inner\">\n\t\t\t\t<div class=\"elementor-element elementor-element-fefbcdd elementor-widget elementor-widget-spacer\" data-id=\"fefbcdd\" data-element_type=\"widget\" data-e-type=\"widget\" data-widget_type=\"spacer.default\">\n\t\t\t\t\t\t\t<div class=\"elementor-spacer\">\n\t\t\t<div class=\"elementor-spacer-inner\"><\/div>\n\t\t<\/div>\n\t\t\t\t\t\t<\/div>\n\t\t\t\t\t<\/div>\n\t\t\t\t<\/div>\n\t\t<div class=\"elementor-element elementor-element-d6c70c2 e-flex e-con-boxed e-con e-parent\" data-id=\"d6c70c2\" data-element_type=\"container\" data-e-type=\"container\">\n\t\t\t\t\t<div class=\"e-con-inner\">\n\t\t<div class=\"elementor-element elementor-element-a1f8e71 e-con-full e-flex e-con e-child\" data-id=\"a1f8e71\" data-element_type=\"container\" data-e-type=\"container\">\n\t\t\t\t<div class=\"elementor-element elementor-element-188354d h2-green-leaf elementor-widget elementor-widget-heading\" data-id=\"188354d\" data-element_type=\"widget\" data-e-type=\"widget\" data-widget_type=\"heading.default\">\n\t\t\t\t\t<h2 class=\"elementor-heading-title elementor-size-default\">Datenschutzbestimmungen<\/h2>\t\t\t\t<\/div>\n\t\t\t\t<div class=\"elementor-element elementor-element-a0f5e03 elementor-widget elementor-widget-text-editor\" data-id=\"a0f5e03\" data-element_type=\"widget\" data-e-type=\"widget\" data-widget_type=\"text-editor.default\">\n\t\t\t\t\t\t\t\t\t<p><strong>Datenschutzerkl\u00e4rung Sibusiso<\/strong><\/p>\t\t\t\t\t\t\t\t<\/div>\n\t\t\t\t<div class=\"elementor-element elementor-element-abf0e02 elementor-widget elementor-widget-text-editor\" data-id=\"abf0e02\" data-element_type=\"widget\" data-e-type=\"widget\" data-widget_type=\"text-editor.default\">\n\t\t\t\t\t\t\t\t\t<p>Sibusiso legt gro\u00dfen Wert auf den Schutz Ihrer personenbezogenen Daten. Wir tun alles, um Ihre Privatsph\u00e4re zu gew\u00e4hrleisten, und gehen sorgf\u00e4ltig mit den personenbezogenen Daten unserer Spender und Sponsoren um. In dieser Datenschutzerkl\u00e4rung erl\u00e4utern wir, welche Daten wir sammeln, warum wir dies tun und wie wir sie sch\u00fctzen.  <\/p><p><strong>1. Wer sind wir?<\/strong><\/p><p>Sibusiso<br>Churchilllaan 654<br>4532 JB Terneuzen<br><a href=\"mailto:info@sibusiso.com\">info@sibusiso.com<\/a><br><a href=\"http:\/\/www.sibusiso.com\">www.sibusiso.com<\/a><\/p><p><strong>2. Welche Daten erheben wir?<\/strong><\/p><p>Wir erheben nur personenbezogene Daten, die Sie uns selbst zur Verf\u00fcgung stellen, wie zum Beispiel:<\/p><ul><li>Name und Adresse<\/li><li>E-Mail-Adresse und Telefonnummer<\/li><li>Bankdaten (ausschlie\u00dflich zur Bearbeitung von Spenden)<\/li><\/ul><p> <\/p><p><strong>3. Wof\u00fcr verwenden wir Ihre Daten?<\/strong><\/p><p>Wir verwenden Ihre Daten ausschlie\u00dflich f\u00fcr die folgenden Zwecke:<\/p><ul><li>Die Bearbeitung von Spenden und Sponsoring<\/li><li>Das Versenden einer Dankesnachricht oder eines Newsletters (nur wenn Sie sich daf\u00fcr angemeldet haben)<\/li><li>Die Erf\u00fcllung gesetzlicher Verpflichtungen, wie unserer Aufbewahrungspflicht<\/li><\/ul><p>Wir verkaufen Ihre Daten <strong>niemals<\/strong> an Dritte und geben sie nicht ohne Ihre Zustimmung weiter, es sei denn, wir sind gesetzlich dazu verpflichtet.<\/p><p><strong>4. Wie sch\u00fctzen wir Ihre Daten?<\/strong><\/p><p>Wir ergreifen geeignete technische und organisatorische Ma\u00dfnahmen, um Ihre Daten vor Verlust, Diebstahl oder unbefugter Nutzung zu sch\u00fctzen. So ist unsere Website mit einem SSL-Zertifikat gesichert und personenbezogene Daten werden nur Mitarbeitern zug\u00e4nglich gemacht, die diese wirklich ben\u00f6tigen. <\/p><p><strong>5. Aufbewahrungsfrist<\/strong><\/p><p>Wir speichern Ihre personenbezogenen Daten nicht l\u00e4nger, als es f\u00fcr den Zweck, f\u00fcr den wir sie erhalten haben, erforderlich ist oder solange wir gesetzlich dazu verpflichtet sind.<\/p><p><strong>6. Ihre Rechte<\/strong><\/p><p>Sie haben das Recht auf:<\/p><ul><li>Einsicht in Ihre Daten, deren Berichtigung oder L\u00f6schung zu verlangen<\/li><li>Widerspruch gegen die Verwendung Ihrer Daten f\u00fcr Newsletter einzulegen<\/li><li>Ihre Einwilligung zur Datenverarbeitung zu widerrufen<\/li><\/ul><p>Sie k\u00f6nnen uns hierf\u00fcr kontaktieren unter: <strong>info@sibusiso.com<\/strong><\/p><p><strong>7. \u00c4nderungen<\/strong><\/p><p>Sibusiso kann diese Datenschutzerkl\u00e4rung von Zeit zu Zeit anpassen. Die aktuellste Version finden Sie immer auf unserer Website. <\/p>\t\t\t\t\t\t\t\t<\/div>\n\t\t\t\t<\/div>\n\t\t<div class=\"elementor-element elementor-element-915d313 e-con-full e-flex e-con e-child\" data-id=\"915d313\" data-element_type=\"container\" data-e-type=\"container\">\n\t\t\t\t<div class=\"elementor-element elementor-element-4821dd9 elementor-widget elementor-widget-image\" data-id=\"4821dd9\" data-element_type=\"widget\" data-e-type=\"widget\" data-widget_type=\"image.default\">\n\t\t\t\t\t\t\t\t\t\t\t\t\t\t\t<img fetchpriority=\"high\" decoding=\"async\" width=\"2500\" height=\"1875\" src=\"https:\/\/www.sibusiso.com\/wp-content\/uploads\/Sibusiso-gelukkig-leven-kinderen-beperking-Tanzania.webp\" class=\"attachment-full size-full wp-image-1242\" alt=\"\" srcset=\"https:\/\/www.sibusiso.com\/wp-content\/uploads\/Sibusiso-gelukkig-leven-kinderen-beperking-Tanzania.webp 2500w, https:\/\/www.sibusiso.com\/wp-content\/uploads\/Sibusiso-gelukkig-leven-kinderen-beperking-Tanzania-300x225.webp 300w, https:\/\/www.sibusiso.com\/wp-content\/uploads\/Sibusiso-gelukkig-leven-kinderen-beperking-Tanzania-1024x768.webp 1024w, https:\/\/www.sibusiso.com\/wp-content\/uploads\/Sibusiso-gelukkig-leven-kinderen-beperking-Tanzania-768x576.webp 768w, https:\/\/www.sibusiso.com\/wp-content\/uploads\/Sibusiso-gelukkig-leven-kinderen-beperking-Tanzania-1536x1152.webp 1536w, https:\/\/www.sibusiso.com\/wp-content\/uploads\/Sibusiso-gelukkig-leven-kinderen-beperking-Tanzania-2048x1536.webp 2048w\" sizes=\"(max-width: 2500px) 100vw, 2500px\" \/>\t\t\t\t\t\t\t\t\t\t\t\t\t\t\t<\/div>\n\t\t\t\t<\/div>\n\t\t\t\t\t<\/div>\n\t\t\t\t<\/div>\n\t\t<div class=\"elementor-element elementor-element-787b1e6 e-flex e-con-boxed e-con e-parent\" data-id=\"787b1e6\" data-element_type=\"container\" data-e-type=\"container\">\n\t\t\t\t\t<div class=\"e-con-inner\">\n\t\t\t\t<div class=\"elementor-element elementor-element-ff10990 elementor-widget elementor-widget-template\" data-id=\"ff10990\" data-element_type=\"widget\" data-e-type=\"widget\" data-widget_type=\"template.default\">\n\t\t\t\t<div class=\"elementor-widget-container\">\n\t\t\t\t\t\t\t<div class=\"elementor-template\">\n\t\t\t\t\t<div data-elementor-type=\"container\" data-elementor-id=\"1854\" class=\"elementor elementor-1854 elementor-465 elementor-465\" data-elementor-post-type=\"elementor_library\">\n\t\t\t\t<div class=\"elementor-element elementor-element-3420ee52 e-flex e-con-boxed e-con e-parent\" data-id=\"3420ee52\" data-element_type=\"container\" data-e-type=\"container\" data-settings=\"{&quot;background_background&quot;:&quot;classic&quot;}\">\n\t\t\t\t\t<div class=\"e-con-inner\">\n\t\t<div class=\"elementor-element elementor-element-afade1 e-con-full e-flex e-con e-child\" data-id=\"afade1\" data-element_type=\"container\" data-e-type=\"container\" data-settings=\"{&quot;background_background&quot;:&quot;classic&quot;}\">\n\t\t\t\t<div class=\"elementor-element elementor-element-6417cdf3 elementor-widget elementor-widget-heading\" data-id=\"6417cdf3\" data-element_type=\"widget\" data-e-type=\"widget\" data-widget_type=\"heading.default\">\n\t\t\t\t\t<h2 class=\"elementor-heading-title elementor-size-default\">Helfen Sie unseren Kindern <br> von Sibusiso<\/h2>\t\t\t\t<\/div>\n\t\t<div class=\"elementor-element elementor-element-3c969bb5 e-con-full e-flex e-con e-child\" data-id=\"3c969bb5\" data-element_type=\"container\" data-e-type=\"container\">\n\t\t\t\t<div class=\"elementor-element elementor-element-33bf2d66 elementor-widget elementor-widget-button\" data-id=\"33bf2d66\" data-element_type=\"widget\" data-e-type=\"widget\" data-widget_type=\"button.default\">\n\t\t\t\t\t\t\t\t\t\t<a class=\"elementor-button elementor-button-link elementor-size-sm\" href=\"https:\/\/www.sibusiso.com\/de\/spenden\/\">\n\t\t\t\t\t\t<span class=\"elementor-button-content-wrapper\">\n\t\t\t\t\t\t\t\t\t<span class=\"elementor-button-text\">Jetzt spenden<\/span>\n\t\t\t\t\t<\/span>\n\t\t\t\t\t<\/a>\n\t\t\t\t\t\t\t\t<\/div>\n\t\t\t\t<div class=\"elementor-element elementor-element-253f709c elementor-widget elementor-widget-button\" data-id=\"253f709c\" data-element_type=\"widget\" data-e-type=\"widget\" data-widget_type=\"button.default\">\n\t\t\t\t\t\t\t\t\t\t<a class=\"elementor-button elementor-button-link elementor-size-sm\" href=\"https:\/\/www.sibusiso.com\/de\/kontakt\/\">\n\t\t\t\t\t\t<span class=\"elementor-button-content-wrapper\">\n\t\t\t\t\t\t\t\t\t<span class=\"elementor-button-text\">Kontakt<\/span>\n\t\t\t\t\t<\/span>\n\t\t\t\t\t<\/a>\n\t\t\t\t\t\t\t\t<\/div>\n\t\t\t\t<\/div>\n\t\t\t\t<\/div>\n\t\t\t\t\t<\/div>\n\t\t\t\t<\/div>\n\t\t\t\t<\/div>\n\t\t\t\t<\/div>\n\t\t\t\t\t\t<\/div>\n\t\t\t\t<\/div>\n\t\t\t\t\t<\/div>\n\t\t\t\t<\/div>\n\t\t\t\t<\/div>\n\t\t","protected":false},"excerpt":{"rendered":"<p>Datenschutzbestimmungen Datenschutzerkl\u00e4rung Sibusiso Sibusiso legt gro\u00dfen Wert auf den Schutz Ihrer personenbezogenen Daten. Wir tun alles, um Ihre Privatsph\u00e4re zu gew\u00e4hrleisten, und gehen sorgf\u00e4ltig mit den personenbezogenen Daten unserer Spender und Sponsoren um. In dieser Datenschutzerkl\u00e4rung erl\u00e4utern wir, welche Daten wir sammeln, warum wir dies tun und wie wir sie sch\u00fctzen. 1. Wer sind wir? [&hellip;]<\/p>\n","protected":false},"author":1,"featured_media":0,"parent":0,"menu_order":0,"comment_status":"closed","ping_status":"closed","template":"","meta":{"footnotes":""},"class_list":["post-1636","page","type-page","status-publish","hentry"],"yoast_head":"<!-- This site is optimized with the Yoast SEO plugin v27.2 - https:\/\/yoast.com\/product\/yoast-seo-wordpress\/ -->\n<title>Datenschutzerkl\u00e4rung - Sibusiso<\/title>\n<meta name=\"robots\" content=\"index, follow, max-snippet:-1, max-image-preview:large, max-video-preview:-1\" \/>\n<link rel=\"canonical\" href=\"https:\/\/www.sibusiso.com\/de\/datenschutzerklaerung\/\" \/>\n<meta property=\"og:locale\" content=\"de_DE\" \/>\n<meta property=\"og:type\" content=\"article\" \/>\n<meta property=\"og:title\" content=\"Datenschutzerkl\u00e4rung - Sibusiso\" \/>\n<meta property=\"og:description\" content=\"Datenschutzbestimmungen Datenschutzerkl\u00e4rung Sibusiso Sibusiso legt gro\u00dfen Wert auf den Schutz Ihrer personenbezogenen Daten. Wir tun alles, um Ihre Privatsph\u00e4re zu gew\u00e4hrleisten, und gehen sorgf\u00e4ltig mit den personenbezogenen Daten unserer Spender und Sponsoren um. In dieser Datenschutzerkl\u00e4rung erl\u00e4utern wir, welche Daten wir sammeln, warum wir dies tun und wie wir sie sch\u00fctzen. 1. Wer sind wir? [&hellip;]\" \/>\n<meta property=\"og:url\" content=\"https:\/\/www.sibusiso.com\/de\/datenschutzerklaerung\/\" \/>\n<meta property=\"og:site_name\" content=\"Sibusiso\" \/>\n<meta property=\"article:modified_time\" content=\"2025-09-24T08:51:53+00:00\" \/>\n<meta property=\"og:image\" content=\"https:\/\/www.sibusiso.com\/wp-content\/uploads\/Sibusiso-gelukkig-leven-kinderen-beperking-Tanzania.webp\" \/>\n\t<meta property=\"og:image:width\" content=\"2500\" \/>\n\t<meta property=\"og:image:height\" content=\"1875\" \/>\n\t<meta property=\"og:image:type\" content=\"image\/webp\" \/>\n<meta name=\"twitter:card\" content=\"summary_large_image\" \/>\n<meta name=\"twitter:label1\" content=\"Gesch\u00e4tzte Lesezeit\" \/>\n\t<meta name=\"twitter:data1\" content=\"2\u00a0Minute\" \/>\n<script type=\"application\/ld+json\" class=\"yoast-schema-graph\">{\"@context\":\"https:\/\/schema.org\",\"@graph\":[{\"@type\":\"WebPage\",\"@id\":\"https:\/\/www.sibusiso.com\/de\/datenschutzerklaerung\/\",\"url\":\"https:\/\/www.sibusiso.com\/de\/datenschutzerklaerung\/\",\"name\":\"Datenschutzerkl\u00e4rung - Sibusiso\",\"isPartOf\":{\"@id\":\"https:\/\/www.sibusiso.com\/#website\"},\"primaryImageOfPage\":{\"@id\":\"https:\/\/www.sibusiso.com\/de\/datenschutzerklaerung\/#primaryimage\"},\"image\":{\"@id\":\"https:\/\/www.sibusiso.com\/de\/datenschutzerklaerung\/#primaryimage\"},\"thumbnailUrl\":\"https:\/\/www.sibusiso.com\/wp-content\/uploads\/Sibusiso-gelukkig-leven-kinderen-beperking-Tanzania.webp\",\"datePublished\":\"2025-08-27T11:49:20+00:00\",\"dateModified\":\"2025-09-24T08:51:53+00:00\",\"breadcrumb\":{\"@id\":\"https:\/\/www.sibusiso.com\/de\/datenschutzerklaerung\/#breadcrumb\"},\"inLanguage\":\"de\",\"potentialAction\":[{\"@type\":\"ReadAction\",\"target\":[\"https:\/\/www.sibusiso.com\/de\/datenschutzerklaerung\/\"]}]},{\"@type\":\"ImageObject\",\"inLanguage\":\"de\",\"@id\":\"https:\/\/www.sibusiso.com\/de\/datenschutzerklaerung\/#primaryimage\",\"url\":\"https:\/\/www.sibusiso.com\/wp-content\/uploads\/Sibusiso-gelukkig-leven-kinderen-beperking-Tanzania.webp\",\"contentUrl\":\"https:\/\/www.sibusiso.com\/wp-content\/uploads\/Sibusiso-gelukkig-leven-kinderen-beperking-Tanzania.webp\"},{\"@type\":\"BreadcrumbList\",\"@id\":\"https:\/\/www.sibusiso.com\/de\/datenschutzerklaerung\/#breadcrumb\",\"itemListElement\":[{\"@type\":\"ListItem\",\"position\":1,\"name\":\"Home\",\"item\":\"https:\/\/www.sibusiso.com\/de\/startseite\/\"},{\"@type\":\"ListItem\",\"position\":2,\"name\":\"Datenschutzerkl\u00e4rung\"}]},{\"@type\":\"WebSite\",\"@id\":\"https:\/\/www.sibusiso.com\/#website\",\"url\":\"https:\/\/www.sibusiso.com\/\",\"name\":\"Sibusiso\",\"description\":\"Projekt in Tansania\",\"publisher\":{\"@id\":\"https:\/\/www.sibusiso.com\/#organization\"},\"potentialAction\":[{\"@type\":\"SearchAction\",\"target\":{\"@type\":\"EntryPoint\",\"urlTemplate\":\"https:\/\/www.sibusiso.com\/?s={search_term_string}\"},\"query-input\":{\"@type\":\"PropertyValueSpecification\",\"valueRequired\":true,\"valueName\":\"search_term_string\"}}],\"inLanguage\":\"de\"},{\"@type\":\"Organization\",\"@id\":\"https:\/\/www.sibusiso.com\/#organization\",\"name\":\"Sibusiso\",\"url\":\"https:\/\/www.sibusiso.com\/\",\"logo\":{\"@type\":\"ImageObject\",\"inLanguage\":\"de\",\"@id\":\"https:\/\/www.sibusiso.com\/#\/schema\/logo\/image\/\",\"url\":\"https:\/\/www.sibusiso.com\/wp-content\/uploads\/Logo-1-Sibusiso.svg\",\"contentUrl\":\"https:\/\/www.sibusiso.com\/wp-content\/uploads\/Logo-1-Sibusiso.svg\",\"width\":314,\"height\":118,\"caption\":\"Sibusiso\"},\"image\":{\"@id\":\"https:\/\/www.sibusiso.com\/#\/schema\/logo\/image\/\"}}]}<\/script>\n<!-- \/ Yoast SEO plugin. -->","yoast_head_json":{"title":"Datenschutzerkl\u00e4rung - Sibusiso","robots":{"index":"index","follow":"follow","max-snippet":"max-snippet:-1","max-image-preview":"max-image-preview:large","max-video-preview":"max-video-preview:-1"},"canonical":"https:\/\/www.sibusiso.com\/de\/datenschutzerklaerung\/","og_locale":"de_DE","og_type":"article","og_title":"Datenschutzerkl\u00e4rung - Sibusiso","og_description":"Datenschutzbestimmungen Datenschutzerkl\u00e4rung Sibusiso Sibusiso legt gro\u00dfen Wert auf den Schutz Ihrer personenbezogenen Daten. Wir tun alles, um Ihre Privatsph\u00e4re zu gew\u00e4hrleisten, und gehen sorgf\u00e4ltig mit den personenbezogenen Daten unserer Spender und Sponsoren um. In dieser Datenschutzerkl\u00e4rung erl\u00e4utern wir, welche Daten wir sammeln, warum wir dies tun und wie wir sie sch\u00fctzen. 1. Wer sind wir? [&hellip;]","og_url":"https:\/\/www.sibusiso.com\/de\/datenschutzerklaerung\/","og_site_name":"Sibusiso","article_modified_time":"2025-09-24T08:51:53+00:00","og_image":[{"width":2500,"height":1875,"url":"https:\/\/www.sibusiso.com\/wp-content\/uploads\/Sibusiso-gelukkig-leven-kinderen-beperking-Tanzania.webp","type":"image\/webp"}],"twitter_card":"summary_large_image","twitter_misc":{"Gesch\u00e4tzte Lesezeit":"2\u00a0Minute"},"schema":{"@context":"https:\/\/schema.org","@graph":[{"@type":"WebPage","@id":"https:\/\/www.sibusiso.com\/de\/datenschutzerklaerung\/","url":"https:\/\/www.sibusiso.com\/de\/datenschutzerklaerung\/","name":"Datenschutzerkl\u00e4rung - Sibusiso","isPartOf":{"@id":"https:\/\/www.sibusiso.com\/#website"},"primaryImageOfPage":{"@id":"https:\/\/www.sibusiso.com\/de\/datenschutzerklaerung\/#primaryimage"},"image":{"@id":"https:\/\/www.sibusiso.com\/de\/datenschutzerklaerung\/#primaryimage"},"thumbnailUrl":"https:\/\/www.sibusiso.com\/wp-content\/uploads\/Sibusiso-gelukkig-leven-kinderen-beperking-Tanzania.webp","datePublished":"2025-08-27T11:49:20+00:00","dateModified":"2025-09-24T08:51:53+00:00","breadcrumb":{"@id":"https:\/\/www.sibusiso.com\/de\/datenschutzerklaerung\/#breadcrumb"},"inLanguage":"de","potentialAction":[{"@type":"ReadAction","target":["https:\/\/www.sibusiso.com\/de\/datenschutzerklaerung\/"]}]},{"@type":"ImageObject","inLanguage":"de","@id":"https:\/\/www.sibusiso.com\/de\/datenschutzerklaerung\/#primaryimage","url":"https:\/\/www.sibusiso.com\/wp-content\/uploads\/Sibusiso-gelukkig-leven-kinderen-beperking-Tanzania.webp","contentUrl":"https:\/\/www.sibusiso.com\/wp-content\/uploads\/Sibusiso-gelukkig-leven-kinderen-beperking-Tanzania.webp"},{"@type":"BreadcrumbList","@id":"https:\/\/www.sibusiso.com\/de\/datenschutzerklaerung\/#breadcrumb","itemListElement":[{"@type":"ListItem","position":1,"name":"Home","item":"https:\/\/www.sibusiso.com\/de\/startseite\/"},{"@type":"ListItem","position":2,"name":"Datenschutzerkl\u00e4rung"}]},{"@type":"WebSite","@id":"https:\/\/www.sibusiso.com\/#website","url":"https:\/\/www.sibusiso.com\/","name":"Sibusiso","description":"Projekt in Tansania","publisher":{"@id":"https:\/\/www.sibusiso.com\/#organization"},"potentialAction":[{"@type":"SearchAction","target":{"@type":"EntryPoint","urlTemplate":"https:\/\/www.sibusiso.com\/?s={search_term_string}"},"query-input":{"@type":"PropertyValueSpecification","valueRequired":true,"valueName":"search_term_string"}}],"inLanguage":"de"},{"@type":"Organization","@id":"https:\/\/www.sibusiso.com\/#organization","name":"Sibusiso","url":"https:\/\/www.sibusiso.com\/","logo":{"@type":"ImageObject","inLanguage":"de","@id":"https:\/\/www.sibusiso.com\/#\/schema\/logo\/image\/","url":"https:\/\/www.sibusiso.com\/wp-content\/uploads\/Logo-1-Sibusiso.svg","contentUrl":"https:\/\/www.sibusiso.com\/wp-content\/uploads\/Logo-1-Sibusiso.svg","width":314,"height":118,"caption":"Sibusiso"},"image":{"@id":"https:\/\/www.sibusiso.com\/#\/schema\/logo\/image\/"}}]}},"_links":{"self":[{"href":"https:\/\/www.sibusiso.com\/de\/wp-json\/wp\/v2\/pages\/1636","targetHints":{"allow":["GET"]}}],"collection":[{"href":"https:\/\/www.sibusiso.com\/de\/wp-json\/wp\/v2\/pages"}],"about":[{"href":"https:\/\/www.sibusiso.com\/de\/wp-json\/wp\/v2\/types\/page"}],"author":[{"embeddable":true,"href":"https:\/\/www.sibusiso.com\/de\/wp-json\/wp\/v2\/users\/1"}],"replies":[{"embeddable":true,"href":"https:\/\/www.sibusiso.com\/de\/wp-json\/wp\/v2\/comments?post=1636"}],"version-history":[{"count":1,"href":"https:\/\/www.sibusiso.com\/de\/wp-json\/wp\/v2\/pages\/1636\/revisions"}],"predecessor-version":[{"id":1637,"href":"https:\/\/www.sibusiso.com\/de\/wp-json\/wp\/v2\/pages\/1636\/revisions\/1637"}],"wp:attachment":[{"href":"https:\/\/www.sibusiso.com\/de\/wp-json\/wp\/v2\/media?parent=1636"}],"curies":[{"name":"wp","href":"https:\/\/api.w.org\/{rel}","templated":true}]}}