{"id":1641,"date":"2025-08-07T09:32:33","date_gmt":"2025-08-07T09:32:33","guid":{"rendered":"https:\/\/www.sibusiso.com\/kontakt\/"},"modified":"2026-02-24T18:37:07","modified_gmt":"2026-02-24T18:37:07","slug":"kontakt","status":"publish","type":"page","link":"https:\/\/www.sibusiso.com\/de\/kontakt\/","title":{"rendered":"Kontakt"},"content":{"rendered":"\t\t<div data-elementor-type=\"wp-page\" data-elementor-id=\"1641\" class=\"elementor elementor-1641 elementor-50\" data-elementor-post-type=\"page\">\n\t\t\t\t<div class=\"elementor-element elementor-element-5aa118d e-flex e-con-boxed e-con e-parent\" data-id=\"5aa118d\" data-element_type=\"container\" data-e-type=\"container\" data-settings=\"{&quot;background_background&quot;:&quot;classic&quot;}\">\n\t\t\t\t\t<div class=\"e-con-inner\">\n\t\t<div class=\"elementor-element elementor-element-c911e2f e-con-full e-flex e-con e-child\" data-id=\"c911e2f\" data-element_type=\"container\" data-e-type=\"container\">\n\t\t\t\t<div class=\"elementor-element elementor-element-560c118 h2-dark-green-leaf elementor-widget elementor-widget-heading\" data-id=\"560c118\" data-element_type=\"widget\" data-e-type=\"widget\" data-widget_type=\"heading.default\">\n\t\t\t\t\t<h1 class=\"elementor-heading-title elementor-size-default\">Nehmen Sie Kontakt mit uns auf<\/h1>\t\t\t\t<\/div>\n\t\t\t\t<div class=\"elementor-element elementor-element-96e1161 elementor-widget elementor-widget-text-editor\" data-id=\"96e1161\" data-element_type=\"widget\" data-e-type=\"widget\" data-widget_type=\"text-editor.default\">\n\t\t\t\t\t\t\t\t\t<p>Haben Sie eine Frage, m\u00f6chten Sie mehr \u00fcber unsere Arbeit erfahren oder suchen Sie pers\u00f6nlichen Kontakt? Wir helfen Ihnen gerne weiter. Nachfolgend finden Sie die richtigen Ansprechpartner pro Thema.  <\/p>\t\t\t\t\t\t\t\t<\/div>\n\t\t\t\t<\/div>\n\t\t<div class=\"elementor-element elementor-element-eadd3ff e-con-full e-flex e-con e-child\" data-id=\"eadd3ff\" data-element_type=\"container\" data-e-type=\"container\">\n\t\t<div class=\"elementor-element elementor-element-62909aa e-con-full e-flex e-con e-child\" data-id=\"62909aa\" data-element_type=\"container\" data-e-type=\"container\">\n\t\t<div class=\"elementor-element elementor-element-36edfe4 e-con-full e-flex e-con e-child\" data-id=\"36edfe4\" data-element_type=\"container\" data-e-type=\"container\" data-settings=\"{&quot;background_background&quot;:&quot;classic&quot;}\">\n\t\t\t\t<div class=\"elementor-element elementor-element-e493956 elementor-widget elementor-widget-heading\" data-id=\"e493956\" data-element_type=\"widget\" data-e-type=\"widget\" data-widget_type=\"heading.default\">\n\t\t\t\t\t<h3 class=\"elementor-heading-title elementor-size-default\">Allgemeine Informationen<\/h3>\t\t\t\t<\/div>\n\t\t\t\t<div class=\"elementor-element elementor-element-807048a elementor-widget elementor-widget-text-editor\" data-id=\"807048a\" data-element_type=\"widget\" data-e-type=\"widget\" data-widget_type=\"text-editor.default\">\n\t\t\t\t\t\t\t\t\t<p>E-Mail: <a href=\"mailto:info@sibusiso.com\">info@sibusiso.com<\/a><br>Bankkontonr.: NL73 RABO0385812167 t.n.v. Stichting Sibusiso<\/p><p>ANBI: 808778961<\/p><p>KvK: 22046082<\/p>\t\t\t\t\t\t\t\t<\/div>\n\t\t\t\t<\/div>\n\t\t<div class=\"elementor-element elementor-element-34636f6 e-con-full e-flex e-con e-child\" data-id=\"34636f6\" data-element_type=\"container\" data-e-type=\"container\" data-settings=\"{&quot;background_background&quot;:&quot;classic&quot;}\">\n\t\t\t\t<div class=\"elementor-element elementor-element-99d226f elementor-widget elementor-widget-heading\" data-id=\"99d226f\" data-element_type=\"widget\" data-e-type=\"widget\" data-widget_type=\"heading.default\">\n\t\t\t\t\t<h3 class=\"elementor-heading-title elementor-size-default\">Allgemeine Fragen<\/h3>\t\t\t\t<\/div>\n\t\t\t\t<div class=\"elementor-element elementor-element-deabcee elementor-widget elementor-widget-text-editor\" data-id=\"deabcee\" data-element_type=\"widget\" data-e-type=\"widget\" data-widget_type=\"text-editor.default\">\n\t\t\t\t\t\t\t\t\t<p>Ansprechpartner: Atty Hammer-Roos<br>Adresse: Churchilllaan 654, 4532 JB Terneuzen, Niederlande<br>E-Mail: info@sibusiso.com<\/p>\t\t\t\t\t\t\t\t<\/div>\n\t\t\t\t<\/div>\n\t\t<div class=\"elementor-element elementor-element-bf0b442 e-con-full e-flex e-con e-child\" data-id=\"bf0b442\" data-element_type=\"container\" data-e-type=\"container\" data-settings=\"{&quot;background_background&quot;:&quot;classic&quot;}\">\n\t\t\t\t<div class=\"elementor-element elementor-element-42d6d4c elementor-widget elementor-widget-heading\" data-id=\"42d6d4c\" data-element_type=\"widget\" data-e-type=\"widget\" data-widget_type=\"heading.default\">\n\t\t\t\t\t<h3 class=\"elementor-heading-title elementor-size-default\">Sibusiso F\u00f6rderverein Deutschland<\/h3>\t\t\t\t<\/div>\n\t\t\t\t<div class=\"elementor-element elementor-element-37ff7b9 elementor-widget elementor-widget-text-editor\" data-id=\"37ff7b9\" data-element_type=\"widget\" data-e-type=\"widget\" data-widget_type=\"text-editor.default\">\n\t\t\t\t\t\t\t\t\t<p>F\u00f6rderverein Sibusiso eV<br>Am Feldrain 1<br>D-59457 Werl<\/p><p>Josef Blienert: josefblienert@web.de<\/p>\t\t\t\t\t\t\t\t<\/div>\n\t\t\t\t<\/div>\n\t\t\t\t<\/div>\n\t\t<div class=\"elementor-element elementor-element-904faa7 e-con-full e-flex e-con e-child\" data-id=\"904faa7\" data-element_type=\"container\" data-e-type=\"container\">\n\t\t<div class=\"elementor-element elementor-element-e415975 e-con-full e-flex e-con e-child\" data-id=\"e415975\" data-element_type=\"container\" data-e-type=\"container\" data-settings=\"{&quot;background_background&quot;:&quot;classic&quot;}\">\n\t\t\t\t<div class=\"elementor-element elementor-element-c7ff7f4 elementor-widget elementor-widget-heading\" data-id=\"c7ff7f4\" data-element_type=\"widget\" data-e-type=\"widget\" data-widget_type=\"heading.default\">\n\t\t\t\t\t<h3 class=\"elementor-heading-title elementor-size-default\">Stichting Sibusiso Nederland<\/h3>\t\t\t\t<\/div>\n\t\t\t\t<div class=\"elementor-element elementor-element-45287cc elementor-widget elementor-widget-text-editor\" data-id=\"45287cc\" data-element_type=\"widget\" data-e-type=\"widget\" data-widget_type=\"text-editor.default\">\n\t\t\t\t\t\t\t\t\t<p>Ansprechpartner: Atty Hammer-Roos<\/p><p>Churchilllaan 654<br>4532 JB Terneuzen<br>+31 (0) 623 677 763<br>info@sibusiso.com<\/p><p><strong>Zusammensetzung des niederl\u00e4ndischen Vorstands<\/strong>:<br>Vorsitzender: Anton van Doornmalen <br>Schatzmeister: Leo Wortel <br>Allgemeines Mitglied: Atty Hammer-Roos (Gr\u00fcnderin)<br>Allgemeines Mitglied: Diana van Duijvestijn (Kommunikation)<\/p><p>Lia Mooijman (Fundraising)<\/p><p>Sekretariat: Sacha Zimmerman<\/p>\t\t\t\t\t\t\t\t<\/div>\n\t\t\t\t<\/div>\n\t\t<div class=\"elementor-element elementor-element-3cded2b e-con-full e-flex e-con e-child\" data-id=\"3cded2b\" data-element_type=\"container\" data-e-type=\"container\" data-settings=\"{&quot;background_background&quot;:&quot;classic&quot;}\">\n\t\t\t\t<div class=\"elementor-element elementor-element-e264bab elementor-widget elementor-widget-heading\" data-id=\"e264bab\" data-element_type=\"widget\" data-e-type=\"widget\" data-widget_type=\"heading.default\">\n\t\t\t\t\t<h3 class=\"elementor-heading-title elementor-size-default\">Sibusiso Foundation Tanzania<\/h3>\t\t\t\t<\/div>\n\t\t\t\t<div class=\"elementor-element elementor-element-252149f elementor-widget elementor-widget-text-editor\" data-id=\"252149f\" data-element_type=\"widget\" data-e-type=\"widget\" data-widget_type=\"text-editor.default\">\n\t\t\t\t\t\t\t\t\t<p>P.O. Box 14408<\/p><p>Arusha, Tansania <br>+255 759 334 793 <br>office@sibusiso.com<\/p><p>Zusammensetzung des tansanischen Vorstands: <br>Vorsitzender: Goodluck Amos Kwayu<br>Mitglieder: Jane Fidelis, Marloes Kibacha, Neema Aspedito Mfugale, Atty Hammer-Roos, Anton van Doornmalen, Casper van Kempen<br><br><\/p><p>Gesch\u00e4ftsf\u00fchrende Direktorin: Martha Lukasi, gmfinance@sibusiso.com<br>Programmkoordinator: Daniel Alex, programcoordinator@sibusiso.com<\/p>\t\t\t\t\t\t\t\t<\/div>\n\t\t\t\t<\/div>\n\t\t\t\t<\/div>\n\t\t\t\t<\/div>\n\t\t\t\t\t<\/div>\n\t\t\t\t<\/div>\n\t\t<div class=\"elementor-element elementor-element-e0b7466 e-flex e-con-boxed e-con e-parent\" data-id=\"e0b7466\" data-element_type=\"container\" data-e-type=\"container\">\n\t\t\t\t\t<div class=\"e-con-inner\">\n\t\t<div class=\"elementor-element elementor-element-9342685 e-con-full e-flex e-con e-child\" data-id=\"9342685\" data-element_type=\"container\" data-e-type=\"container\">\n\t\t\t\t<div class=\"elementor-element elementor-element-ddf1815 h2-green-leaf elementor-widget elementor-widget-heading\" data-id=\"ddf1815\" data-element_type=\"widget\" data-e-type=\"widget\" data-widget_type=\"heading.default\">\n\t\t\t\t\t<h2 class=\"elementor-heading-title elementor-size-default\">Kontaktformular<\/h2>\t\t\t\t<\/div>\n\t\t\t\t<div class=\"elementor-element elementor-element-f9bc176 elementor-widget elementor-widget-text-editor\" data-id=\"f9bc176\" data-element_type=\"widget\" data-e-type=\"widget\" data-widget_type=\"text-editor.default\">\n\t\t\t\t\t\t\t\t\t<p>F\u00fcllen Sie hier nebenan das Kontaktformular aus. Wir werden uns so schnell wie m\u00f6glich mit Ihnen in Verbindung setzen. <\/p>\t\t\t\t\t\t\t\t<\/div>\n\t\t\t\t<\/div>\n\t\t<div class=\"elementor-element elementor-element-a4aec07 e-con-full e-flex e-con e-child\" data-id=\"a4aec07\" data-element_type=\"container\" data-e-type=\"container\">\n\t\t\t\t<div class=\"elementor-element elementor-element-2510770 elementor-button-align-start elementor-widget elementor-widget-form\" data-id=\"2510770\" data-element_type=\"widget\" data-e-type=\"widget\" data-settings=\"{&quot;step_next_label&quot;:&quot;Weiter&quot;,&quot;step_previous_label&quot;:&quot;Zur\\u00fcck&quot;,&quot;button_width&quot;:&quot;100&quot;,&quot;step_type&quot;:&quot;number_text&quot;,&quot;step_icon_shape&quot;:&quot;circle&quot;}\" data-widget_type=\"form.default\">\n\t\t\t\t\t\t\t<form class=\"elementor-form\" method=\"post\" name=\"Kontaktformular\" aria-label=\"Kontaktformular\">\n\t\t\t<input type=\"hidden\" name=\"post_id\" value=\"1641\"\/>\n\t\t\t<input type=\"hidden\" name=\"form_id\" value=\"2510770\"\/>\n\t\t\t<input type=\"hidden\" name=\"referer_title\" value=\"Kontakt - Sibusiso %\" \/>\n\n\t\t\t\t\t\t\t<input type=\"hidden\" name=\"queried_id\" value=\"1641\"\/>\n\t\t\t\n\t\t\t<div class=\"elementor-form-fields-wrapper elementor-labels-\">\n\t\t\t\t\t\t\t\t<div class=\"elementor-field-type-text elementor-field-group elementor-column elementor-field-group-name elementor-col-100\">\n\t\t\t\t\t\t\t\t\t\t\t\t<label for=\"form-field-name\" class=\"elementor-field-label elementor-screen-only\">\n\t\t\t\t\t\t\t\tName\t\t\t\t\t\t\t<\/label>\n\t\t\t\t\t\t\t\t\t\t\t\t\t\t<input size=\"1\" type=\"text\" name=\"form_fields[name]\" id=\"form-field-name\" class=\"elementor-field elementor-size-sm  elementor-field-textual\" placeholder=\"Name\">\n\t\t\t\t\t\t\t\t\t\t\t<\/div>\n\t\t\t\t\t\t\t\t<div class=\"elementor-field-type-email elementor-field-group elementor-column elementor-field-group-email elementor-col-100 elementor-field-required\">\n\t\t\t\t\t\t\t\t\t\t\t\t<label for=\"form-field-email\" class=\"elementor-field-label elementor-screen-only\">\n\t\t\t\t\t\t\t\tE-Mail\t\t\t\t\t\t\t<\/label>\n\t\t\t\t\t\t\t\t\t\t\t\t\t\t<input size=\"1\" type=\"email\" name=\"form_fields[email]\" id=\"form-field-email\" class=\"elementor-field elementor-size-sm  elementor-field-textual\" placeholder=\"E-Mail\" required=\"required\">\n\t\t\t\t\t\t\t\t\t\t\t<\/div>\n\t\t\t\t\t\t\t\t<div class=\"elementor-field-type-textarea elementor-field-group elementor-column elementor-field-group-message elementor-col-100\">\n\t\t\t\t\t\t\t\t\t\t\t\t<label for=\"form-field-message\" class=\"elementor-field-label elementor-screen-only\">\n\t\t\t\t\t\t\t\tNachricht\t\t\t\t\t\t\t<\/label>\n\t\t\t\t\t\t<textarea class=\"elementor-field-textual elementor-field  elementor-size-sm\" name=\"form_fields[message]\" id=\"form-field-message\" rows=\"4\" placeholder=\"Nachricht\"><\/textarea>\t\t\t\t<\/div>\n\t\t\t\t\t\t\t\t<div class=\"elementor-field-type-recaptcha_v3 elementor-field-group elementor-column elementor-field-group-field_0f650cb elementor-col-100 recaptcha_v3-inline\">\n\t\t\t\t\t<div class=\"elementor-field\" id=\"form-field-field_0f650cb\"><div class=\"elementor-g-recaptcha\" data-sitekey=\"6Ld9edMrAAAAAIx1NCtZU1HvFyjQ4liik5zjWssL\" data-type=\"v3\" data-action=\"Form\" data-badge=\"inline\" data-size=\"invisible\"><\/div><\/div>\t\t\t\t<\/div>\n\t\t\t\t\t\t\t\t<div class=\"elementor-field-group elementor-column elementor-field-type-submit elementor-col-100 e-form__buttons\">\n\t\t\t\t\t<button class=\"elementor-button elementor-size-sm\" type=\"submit\">\n\t\t\t\t\t\t<span class=\"elementor-button-content-wrapper\">\n\t\t\t\t\t\t\t\t\t\t\t\t\t\t\t\t\t\t\t\t\t\t<span class=\"elementor-button-text\">Senden<\/span>\n\t\t\t\t\t\t\t\t\t\t\t\t\t<\/span>\n\t\t\t\t\t<\/button>\n\t\t\t\t<\/div>\n\t\t\t<\/div>\n\t\t<\/form>\n\t\t\t\t\t\t<\/div>\n\t\t\t\t<\/div>\n\t\t\t\t\t<\/div>\n\t\t\t\t<\/div>\n\t\t<div class=\"elementor-element elementor-element-9ce7ec4 e-flex e-con-boxed e-con e-parent\" data-id=\"9ce7ec4\" data-element_type=\"container\" data-e-type=\"container\">\n\t\t\t\t\t<div class=\"e-con-inner\">\n\t\t\t\t<div class=\"elementor-element elementor-element-8b7e3da elementor-widget elementor-widget-template\" data-id=\"8b7e3da\" data-element_type=\"widget\" data-e-type=\"widget\" data-widget_type=\"template.default\">\n\t\t\t\t<div class=\"elementor-widget-container\">\n\t\t\t\t\t\t\t<div class=\"elementor-template\">\n\t\t\t\t\t<div data-elementor-type=\"container\" data-elementor-id=\"1854\" class=\"elementor elementor-1854 elementor-465 elementor-465\" data-elementor-post-type=\"elementor_library\">\n\t\t\t\t<div class=\"elementor-element elementor-element-3420ee52 e-flex e-con-boxed e-con e-parent\" data-id=\"3420ee52\" data-element_type=\"container\" data-e-type=\"container\" data-settings=\"{&quot;background_background&quot;:&quot;classic&quot;}\">\n\t\t\t\t\t<div class=\"e-con-inner\">\n\t\t<div class=\"elementor-element elementor-element-afade1 e-con-full e-flex e-con e-child\" data-id=\"afade1\" data-element_type=\"container\" data-e-type=\"container\" data-settings=\"{&quot;background_background&quot;:&quot;classic&quot;}\">\n\t\t\t\t<div class=\"elementor-element elementor-element-6417cdf3 elementor-widget elementor-widget-heading\" data-id=\"6417cdf3\" data-element_type=\"widget\" data-e-type=\"widget\" data-widget_type=\"heading.default\">\n\t\t\t\t\t<h2 class=\"elementor-heading-title elementor-size-default\">Helfen Sie unseren Kindern <br> von Sibusiso<\/h2>\t\t\t\t<\/div>\n\t\t<div class=\"elementor-element elementor-element-3c969bb5 e-con-full e-flex e-con e-child\" data-id=\"3c969bb5\" data-element_type=\"container\" data-e-type=\"container\">\n\t\t\t\t<div class=\"elementor-element elementor-element-33bf2d66 elementor-widget elementor-widget-button\" data-id=\"33bf2d66\" data-element_type=\"widget\" data-e-type=\"widget\" data-widget_type=\"button.default\">\n\t\t\t\t\t\t\t\t\t\t<a class=\"elementor-button elementor-button-link elementor-size-sm\" href=\"https:\/\/www.sibusiso.com\/de\/spenden\/\">\n\t\t\t\t\t\t<span class=\"elementor-button-content-wrapper\">\n\t\t\t\t\t\t\t\t\t<span class=\"elementor-button-text\">Jetzt spenden<\/span>\n\t\t\t\t\t<\/span>\n\t\t\t\t\t<\/a>\n\t\t\t\t\t\t\t\t<\/div>\n\t\t\t\t<div class=\"elementor-element elementor-element-253f709c elementor-widget elementor-widget-button\" data-id=\"253f709c\" data-element_type=\"widget\" data-e-type=\"widget\" data-widget_type=\"button.default\">\n\t\t\t\t\t\t\t\t\t\t<a class=\"elementor-button elementor-button-link elementor-size-sm\" href=\"https:\/\/www.sibusiso.com\/de\/kontakt\/\">\n\t\t\t\t\t\t<span class=\"elementor-button-content-wrapper\">\n\t\t\t\t\t\t\t\t\t<span class=\"elementor-button-text\">Kontakt<\/span>\n\t\t\t\t\t<\/span>\n\t\t\t\t\t<\/a>\n\t\t\t\t\t\t\t\t<\/div>\n\t\t\t\t<\/div>\n\t\t\t\t<\/div>\n\t\t\t\t\t<\/div>\n\t\t\t\t<\/div>\n\t\t\t\t<\/div>\n\t\t\t\t<\/div>\n\t\t\t\t\t\t<\/div>\n\t\t\t\t<\/div>\n\t\t\t\t\t<\/div>\n\t\t\t\t<\/div>\n\t\t\t\t<\/div>\n\t\t","protected":false},"excerpt":{"rendered":"<p>Nehmen Sie Kontakt mit uns auf Haben Sie eine Frage, m\u00f6chten Sie mehr \u00fcber unsere Arbeit erfahren oder suchen Sie pers\u00f6nlichen Kontakt? Wir helfen Ihnen gerne weiter. Nachfolgend finden Sie die richtigen Ansprechpartner pro Thema. Allgemeine Informationen E-Mail: info@sibusiso.comBankkontonr.: NL73 RABO0385812167 t.n.v. Stichting Sibusiso ANBI: 808778961 KvK: 22046082 Allgemeine Fragen Ansprechpartner: Atty Hammer-RoosAdresse: Churchilllaan 654, [&hellip;]<\/p>\n","protected":false},"author":1,"featured_media":0,"parent":0,"menu_order":0,"comment_status":"closed","ping_status":"closed","template":"","meta":{"footnotes":""},"class_list":["post-1641","page","type-page","status-publish","hentry"],"yoast_head":"<!-- This site is optimized with the Yoast SEO plugin v27.2 - https:\/\/yoast.com\/product\/yoast-seo-wordpress\/ -->\n<title>Kontakt - Sibusiso %<\/title>\n<meta name=\"description\" content=\"Kontakt Sibusiso Terneuzen und Arusha in Tansania\" \/>\n<meta name=\"robots\" content=\"index, follow, max-snippet:-1, max-image-preview:large, max-video-preview:-1\" \/>\n<link rel=\"canonical\" href=\"https:\/\/www.sibusiso.com\/de\/kontakt\/\" \/>\n<meta property=\"og:locale\" content=\"de_DE\" \/>\n<meta property=\"og:type\" content=\"article\" \/>\n<meta property=\"og:title\" content=\"Kontakt - Sibusiso %\" \/>\n<meta property=\"og:description\" content=\"Kontakt Sibusiso Terneuzen und Arusha in Tansania\" \/>\n<meta property=\"og:url\" content=\"https:\/\/www.sibusiso.com\/de\/kontakt\/\" \/>\n<meta property=\"og:site_name\" content=\"Sibusiso\" \/>\n<meta property=\"article:modified_time\" content=\"2026-02-24T18:37:07+00:00\" \/>\n<meta name=\"twitter:card\" content=\"summary_large_image\" \/>\n<meta name=\"twitter:label1\" content=\"Gesch\u00e4tzte Lesezeit\" \/>\n\t<meta name=\"twitter:data1\" content=\"1\u00a0Minute\" \/>\n<script type=\"application\/ld+json\" class=\"yoast-schema-graph\">{\"@context\":\"https:\/\/schema.org\",\"@graph\":[{\"@type\":\"WebPage\",\"@id\":\"https:\/\/www.sibusiso.com\/de\/kontakt\/\",\"url\":\"https:\/\/www.sibusiso.com\/de\/kontakt\/\",\"name\":\"Kontakt - Sibusiso %\",\"isPartOf\":{\"@id\":\"https:\/\/www.sibusiso.com\/#website\"},\"datePublished\":\"2025-08-07T09:32:33+00:00\",\"dateModified\":\"2026-02-24T18:37:07+00:00\",\"description\":\"Kontakt Sibusiso Terneuzen und Arusha in Tansania\",\"breadcrumb\":{\"@id\":\"https:\/\/www.sibusiso.com\/de\/kontakt\/#breadcrumb\"},\"inLanguage\":\"de\",\"potentialAction\":[{\"@type\":\"ReadAction\",\"target\":[\"https:\/\/www.sibusiso.com\/de\/kontakt\/\"]}]},{\"@type\":\"BreadcrumbList\",\"@id\":\"https:\/\/www.sibusiso.com\/de\/kontakt\/#breadcrumb\",\"itemListElement\":[{\"@type\":\"ListItem\",\"position\":1,\"name\":\"Home\",\"item\":\"https:\/\/www.sibusiso.com\/de\/startseite\/\"},{\"@type\":\"ListItem\",\"position\":2,\"name\":\"Kontakt\"}]},{\"@type\":\"WebSite\",\"@id\":\"https:\/\/www.sibusiso.com\/#website\",\"url\":\"https:\/\/www.sibusiso.com\/\",\"name\":\"Sibusiso\",\"description\":\"Projekt in Tansania\",\"publisher\":{\"@id\":\"https:\/\/www.sibusiso.com\/#organization\"},\"potentialAction\":[{\"@type\":\"SearchAction\",\"target\":{\"@type\":\"EntryPoint\",\"urlTemplate\":\"https:\/\/www.sibusiso.com\/?s={search_term_string}\"},\"query-input\":{\"@type\":\"PropertyValueSpecification\",\"valueRequired\":true,\"valueName\":\"search_term_string\"}}],\"inLanguage\":\"de\"},{\"@type\":\"Organization\",\"@id\":\"https:\/\/www.sibusiso.com\/#organization\",\"name\":\"Sibusiso\",\"url\":\"https:\/\/www.sibusiso.com\/\",\"logo\":{\"@type\":\"ImageObject\",\"inLanguage\":\"de\",\"@id\":\"https:\/\/www.sibusiso.com\/#\/schema\/logo\/image\/\",\"url\":\"https:\/\/www.sibusiso.com\/wp-content\/uploads\/Logo-1-Sibusiso.svg\",\"contentUrl\":\"https:\/\/www.sibusiso.com\/wp-content\/uploads\/Logo-1-Sibusiso.svg\",\"width\":314,\"height\":118,\"caption\":\"Sibusiso\"},\"image\":{\"@id\":\"https:\/\/www.sibusiso.com\/#\/schema\/logo\/image\/\"}}]}<\/script>\n<!-- \/ Yoast SEO plugin. -->","yoast_head_json":{"title":"Kontakt - Sibusiso %","description":"Kontakt Sibusiso Terneuzen und Arusha in Tansania","robots":{"index":"index","follow":"follow","max-snippet":"max-snippet:-1","max-image-preview":"max-image-preview:large","max-video-preview":"max-video-preview:-1"},"canonical":"https:\/\/www.sibusiso.com\/de\/kontakt\/","og_locale":"de_DE","og_type":"article","og_title":"Kontakt - Sibusiso %","og_description":"Kontakt Sibusiso Terneuzen und Arusha in Tansania","og_url":"https:\/\/www.sibusiso.com\/de\/kontakt\/","og_site_name":"Sibusiso","article_modified_time":"2026-02-24T18:37:07+00:00","twitter_card":"summary_large_image","twitter_misc":{"Gesch\u00e4tzte Lesezeit":"1\u00a0Minute"},"schema":{"@context":"https:\/\/schema.org","@graph":[{"@type":"WebPage","@id":"https:\/\/www.sibusiso.com\/de\/kontakt\/","url":"https:\/\/www.sibusiso.com\/de\/kontakt\/","name":"Kontakt - Sibusiso %","isPartOf":{"@id":"https:\/\/www.sibusiso.com\/#website"},"datePublished":"2025-08-07T09:32:33+00:00","dateModified":"2026-02-24T18:37:07+00:00","description":"Kontakt Sibusiso Terneuzen und Arusha in Tansania","breadcrumb":{"@id":"https:\/\/www.sibusiso.com\/de\/kontakt\/#breadcrumb"},"inLanguage":"de","potentialAction":[{"@type":"ReadAction","target":["https:\/\/www.sibusiso.com\/de\/kontakt\/"]}]},{"@type":"BreadcrumbList","@id":"https:\/\/www.sibusiso.com\/de\/kontakt\/#breadcrumb","itemListElement":[{"@type":"ListItem","position":1,"name":"Home","item":"https:\/\/www.sibusiso.com\/de\/startseite\/"},{"@type":"ListItem","position":2,"name":"Kontakt"}]},{"@type":"WebSite","@id":"https:\/\/www.sibusiso.com\/#website","url":"https:\/\/www.sibusiso.com\/","name":"Sibusiso","description":"Projekt in Tansania","publisher":{"@id":"https:\/\/www.sibusiso.com\/#organization"},"potentialAction":[{"@type":"SearchAction","target":{"@type":"EntryPoint","urlTemplate":"https:\/\/www.sibusiso.com\/?s={search_term_string}"},"query-input":{"@type":"PropertyValueSpecification","valueRequired":true,"valueName":"search_term_string"}}],"inLanguage":"de"},{"@type":"Organization","@id":"https:\/\/www.sibusiso.com\/#organization","name":"Sibusiso","url":"https:\/\/www.sibusiso.com\/","logo":{"@type":"ImageObject","inLanguage":"de","@id":"https:\/\/www.sibusiso.com\/#\/schema\/logo\/image\/","url":"https:\/\/www.sibusiso.com\/wp-content\/uploads\/Logo-1-Sibusiso.svg","contentUrl":"https:\/\/www.sibusiso.com\/wp-content\/uploads\/Logo-1-Sibusiso.svg","width":314,"height":118,"caption":"Sibusiso"},"image":{"@id":"https:\/\/www.sibusiso.com\/#\/schema\/logo\/image\/"}}]}},"_links":{"self":[{"href":"https:\/\/www.sibusiso.com\/de\/wp-json\/wp\/v2\/pages\/1641","targetHints":{"allow":["GET"]}}],"collection":[{"href":"https:\/\/www.sibusiso.com\/de\/wp-json\/wp\/v2\/pages"}],"about":[{"href":"https:\/\/www.sibusiso.com\/de\/wp-json\/wp\/v2\/types\/page"}],"author":[{"embeddable":true,"href":"https:\/\/www.sibusiso.com\/de\/wp-json\/wp\/v2\/users\/1"}],"replies":[{"embeddable":true,"href":"https:\/\/www.sibusiso.com\/de\/wp-json\/wp\/v2\/comments?post=1641"}],"version-history":[{"count":4,"href":"https:\/\/www.sibusiso.com\/de\/wp-json\/wp\/v2\/pages\/1641\/revisions"}],"predecessor-version":[{"id":2915,"href":"https:\/\/www.sibusiso.com\/de\/wp-json\/wp\/v2\/pages\/1641\/revisions\/2915"}],"wp:attachment":[{"href":"https:\/\/www.sibusiso.com\/de\/wp-json\/wp\/v2\/media?parent=1641"}],"curies":[{"name":"wp","href":"https:\/\/api.w.org\/{rel}","templated":true}]}}